{"id":702,"date":"2020-06-18T15:00:06","date_gmt":"2020-06-18T13:00:06","guid":{"rendered":"https:\/\/rastprodukter.no\/?post_type=product&#038;p=702"},"modified":"2021-05-20T11:48:32","modified_gmt":"2021-05-20T09:48:32","slug":"termos-09-liter","status":"publish","type":"product","link":"https:\/\/rastprodukter.no\/?product=termos-09-liter","title":{"rendered":"TERMOS 0,9 LITER"},"content":{"rendered":"<p>[et_pb_section fb_built=&raquo;1&#8243; admin_label=&raquo;Topp seksjon&raquo; _builder_version=&raquo;4.9.4&#8243; background_color=&raquo;#000000&#8243; background_color_gradient_direction=&raquo;90deg&raquo; background_image=&raquo;https:\/\/rastprodukter.no\/wp-content\/uploads\/2021\/02\/topp.jpg&raquo; min_height=&raquo;450px&raquo; min_height_tablet=&raquo;500px&raquo; min_height_phone=&raquo;400px&raquo; min_height_last_edited=&raquo;on|phone&raquo; height_tablet=&raquo;&raquo; height_phone=&raquo;auto&raquo; height_last_edited=&raquo;on|desktop&raquo; custom_padding=&raquo;0px|0px|0px|0px&raquo; module_alignment_tablet=&raquo;&raquo; module_alignment_phone=&raquo;&raquo; module_alignment_last_edited=&raquo;on|desktop&raquo; global_module=&raquo;2157&#8243; saved_tabs=&raquo;all&raquo; locked=&raquo;off&raquo; collapsed=&raquo;off&raquo;][\/et_pb_section][et_pb_section fb_built=&raquo;1&#8243; admin_label=&raquo;produkt&raquo; _builder_version=&raquo;4.4.7&#8243; background_color=&raquo;#ffffff&raquo; overflow-x=&raquo;hidden&raquo; overflow-y=&raquo;hidden&raquo; custom_margin=&raquo;||100px||false|false&raquo;][et_pb_row _builder_version=&raquo;4.4.7&#8243; background_color=&raquo;rgba(0,0,0,0)&raquo; custom_padding=&raquo;0px||0px||true|false&raquo;][et_pb_column type=&raquo;4_4&#8243; _builder_version=&raquo;4.4.7&#8243;][et_pb_wc_breadcrumb _builder_version=&raquo;4.4.7&#8243; body_font=&raquo;Nunito|600||on|||||&raquo; body_text_color=&raquo;#232120&#8243; body_font_size=&raquo;12px&raquo; link_font=&raquo;Nunito|600||on|||||&raquo; link_text_color=&raquo;#ea6a1d&raquo; link_font_size=&raquo;12px&raquo;][\/et_pb_wc_breadcrumb][\/et_pb_column][\/et_pb_row][et_pb_row column_structure=&raquo;3_5,2_5&#8243; _builder_version=&raquo;4.4.7&#8243; custom_margin=&raquo;100px||||false|false&raquo;][et_pb_column type=&raquo;3_5&#8243; _builder_version=&raquo;4.4.7&#8243; background_color=&raquo;rgba(0,0,0,0)&raquo; background_size=&raquo;contain&raquo; overflow-x=&raquo;visible&raquo; overflow-y=&raquo;visible&raquo; border_color_all=&raquo;rgba(0,0,0,0)&raquo; border_color_top=&raquo;#bababa&raquo; border_width_bottom=&raquo;2px&raquo; border_color_bottom=&raquo;#bababa&raquo;][et_pb_wc_images sale_badge_color=&raquo;#000000&#8243; admin_label=&raquo;Woo bilder&raquo; _builder_version=&raquo;4.4.7&#8243; sale_badge_font=&raquo;Oswald||||||||&raquo; sale_badge_text_color=&raquo;#ffffff&raquo; custom_margin=&raquo;-100px||||false|false&raquo; custom_padding=&raquo;0px|50px|0px|50px|false|true&raquo; border_radii=&raquo;on|20px|20px|20px|20px&raquo;][\/et_pb_wc_images][\/et_pb_column][et_pb_column type=&raquo;2_5&#8243; _builder_version=&raquo;4.4.7&#8243; background_color=&raquo;#ffffff&raquo;][et_pb_text _builder_version=&raquo;4.4.7&#8243; _dynamic_attributes=&raquo;content&raquo; text_font=&raquo;Nunito|600||on|||||&raquo; text_text_color=&raquo;#000000&#8243; text_font_size=&raquo;11px&raquo; text_line_height=&raquo;1.3em&raquo;]@ET-DC@eyJkeW5hbWljIjp0cnVlLCJjb250ZW50IjoicG9zdF9jYXRlZ29yaWVzIiwic2V0dGluZ3MiOnsiYmVmb3JlIjoiIiwiYWZ0ZXIiOiIiLCJsaW5rX3RvX3Rlcm1fcGFnZSI6Im9uIiwic2VwYXJhdG9yIjoiIHwgIiwiY2F0ZWdvcnlfdHlwZSI6InByb2R1Y3RfY2F0In19@[\/et_pb_text][et_pb_wc_title _builder_version=&raquo;4.4.7&#8243; header_font=&raquo;Oswald|||on|||||&raquo; header_text_color=&raquo;#232120&#8243; header_font_size=&raquo;28px&raquo; header_line_height=&raquo;1.3em&raquo;][\/et_pb_wc_title][et_pb_wc_description description_type=&raquo;description&raquo; _builder_version=&raquo;4.7.7&#8243; body_font=&raquo;Nunito||||||||&raquo; body_font_size=&raquo;12px&raquo; body_line_height=&raquo;2.2em&raquo;][\/et_pb_wc_description][\/et_pb_column][\/et_pb_row][et_pb_row column_structure=&raquo;1_2,1_2&#8243; _builder_version=&raquo;4.4.7&#8243;][et_pb_column type=&raquo;1_2&#8243; _builder_version=&raquo;4.4.7&#8243; custom_padding=&raquo;50px||50px||true|false&raquo;][et_pb_wc_additional_info _builder_version=&raquo;4.4.7&#8243; body_font=&raquo;Nunito||on||||||&raquo; body_font_size=&raquo;12px&raquo; header_font=&raquo;Oswald|||on|||||&raquo; header_font_size=&raquo;18px&raquo; attribute_font=&raquo;Nunito|700|||||||&raquo; attribute_font_size=&raquo;12px&raquo;][\/et_pb_wc_additional_info][et_pb_image src=&raquo;https:\/\/rastprodukter.no\/wp-content\/uploads\/2020\/06\/termos-telt.jpg&raquo; title_text=&raquo;termos-telt&raquo; _builder_version=&raquo;4.4.7&#8243; custom_padding=&raquo;20px||||false|false&raquo;][\/et_pb_image][\/et_pb_column][et_pb_column type=&raquo;1_2&#8243; _builder_version=&raquo;4.4.7&#8243;][\/et_pb_column][\/et_pb_row][\/et_pb_section][et_pb_section fb_built=&raquo;1&#8243; admin_label=&raquo;Kontaktinfo&raquo; _builder_version=&raquo;4.9.4&#8243; background_color=&raquo;#C5C5C5&#8243; background_color_gradient_direction=&raquo;90deg&raquo; background_enable_image=&raquo;off&raquo; parallax=&raquo;on&raquo; custom_padding=&raquo;0px|0px|0px|0px&raquo; global_module=&raquo;786&#8243; saved_tabs=&raquo;all&raquo; locked=&raquo;off&raquo; collapsed=&raquo;on&raquo;][et_pb_row _builder_version=&raquo;4.7.7&#8243; _module_preset=&raquo;default&raquo; background_color=&raquo;#c5c5c5&#8243; max_width=&raquo;100%&raquo; custom_margin=&raquo;||||false|false&raquo; custom_padding=&raquo;40px|0px|0px|0px|false|false&raquo; collapsed=&raquo;off&raquo;][et_pb_column type=&raquo;4_4&#8243; _builder_version=&raquo;4.7.7&#8243; _module_preset=&raquo;default&raquo;][et_pb_text admin_label=&raquo;Kontakt oss&raquo; _builder_version=&raquo;4.9.4&#8243; _module_preset=&raquo;default&raquo; text_text_color=&raquo;#ffffff&raquo; header_2_text_color=&raquo;#ffffff&raquo; width=&raquo;100%&raquo; custom_margin=&raquo;||||false|false&raquo; custom_padding=&raquo;0px|0px|0px|0px|false|false&raquo;]<\/p>\n<h2>KONTAKT OSS<\/h2>\n<p>[\/et_pb_text][\/et_pb_column][\/et_pb_row][et_pb_row column_structure=&raquo;1_2,1_2&#8243; use_custom_gutter=&raquo;on&raquo; gutter_width=&raquo;1&#8243; make_equal=&raquo;on&raquo; admin_label=&raquo;Kontaktskjema&raquo; module_class=&raquo; et_pb_row_fullwidth&raquo; _builder_version=&raquo;4.7.7&#8243; background_color=&raquo;#000000&#8243; width=&raquo;100%&raquo; width_tablet=&raquo;100%&raquo; width_phone=&raquo;&raquo; width_last_edited=&raquo;on|desktop&raquo; max_width=&raquo;100%&raquo; max_width_tablet=&raquo;100%&raquo; max_width_phone=&raquo;&raquo; max_width_last_edited=&raquo;on|desktop&raquo; custom_margin=&raquo;0px|0px|0px|0px|false|false&raquo; custom_padding=&raquo;0px|0px|0px|0px&raquo; animation_style=&raquo;fade&raquo; make_fullwidth=&raquo;on&raquo; collapsed=&raquo;off&raquo;][et_pb_column type=&raquo;1_2&#8243; _builder_version=&raquo;4.7.7&#8243; background_color=&raquo;#c5c5c5&#8243; custom_padding=&raquo;10px|10%|50px|10%|false|false&raquo; custom_padding_last_edited=&raquo;off|desktop&raquo; custom_padding__hover=&raquo;|||&raquo;][et_pb_contact_form captcha=&raquo;off&raquo; email=&raquo;post@variosport.no&raquo; custom_message=&raquo;Min melding er: %%Melding%% ||et_pb_line_break_holder||||et_pb_line_break_holder||Navn: %%Navn%% ||et_pb_line_break_holder||E-post: %%E-postadresse%% ||et_pb_line_break_holder||Telefonnumer: %%Telefonnumer%% &raquo; success_message=&raquo;Takk for din henvendelse. Du h\u00f8rer fra oss innen kort tid&raquo; submit_button_text=&raquo;SEND&raquo; submit_button_text_tablet=&raquo;&raquo; submit_button_text_phone=&raquo;&raquo; submit_button_text_last_edited=&raquo;on|desktop&raquo; _builder_version=&raquo;4.9.4&#8243; form_field_background_color=&raquo;#000000&#8243; title_font=&raquo;Roboto||||||||&raquo; captcha_font=&raquo;Roboto||||||||&raquo; captcha_text_color=&raquo;#ffffff&raquo; captcha_font_size=&raquo;13px&raquo; form_field_font=&raquo;Roboto|300|||||||&raquo; form_field_font_size=&raquo;12px&raquo; custom_button=&raquo;on&raquo; button_text_size=&raquo;14px&raquo; button_text_color=&raquo;#a1a1a1&#8243; button_bg_color=&raquo;#ffffff&raquo; button_border_color=&raquo;#f47421&#8243; button_border_radius=&raquo;8px&raquo; button_letter_spacing=&raquo;2px&raquo; button_font=&raquo;Oswald|500||on|||||&raquo; button_use_icon=&raquo;off&raquo; button_custom_padding=&raquo;5px|22px|5px|22px|true|true&raquo; custom_margin=&raquo;||||false|false&raquo; custom_padding=&raquo;0px|0px|0px|0px|false|false&raquo; submit_button_text__hover_enabled=&raquo;on|desktop&raquo;][et_pb_contact_field field_id=&raquo;Navn&raquo; field_title=&raquo;Navn&raquo; _builder_version=&raquo;4.7.7&#8243; form_field_background_color=&raquo;#ffffff&raquo; form_field_text_color=&raquo;#a1a1a1&#8243; form_field_focus_background_color=&raquo;#ffffff&raquo; form_field_focus_text_color=&raquo;#ea6a1d&raquo; form_field_font=&raquo;Roboto|500|||||||&raquo; form_field_font_size=&raquo;14px&raquo; form_field_line_height=&raquo;1em&raquo; width_tablet=&raquo;&raquo; width_phone=&raquo;&raquo; width_last_edited=&raquo;on|tablet&raquo; min_height=&raquo;30px&raquo; height=&raquo;30px&raquo; max_height=&raquo;30px&raquo; custom_margin_last_edited=&raquo;off|tablet&raquo; border_radii=&raquo;on|8px|8px|8px|8px&raquo; border_color_all=&raquo;#ffffff&raquo; button_text_size__hover_enabled=&raquo;off&raquo; button_one_text_size__hover_enabled=&raquo;off&raquo; button_two_text_size__hover_enabled=&raquo;off&raquo; button_text_color__hover_enabled=&raquo;off&raquo; button_one_text_color__hover_enabled=&raquo;off&raquo; button_two_text_color__hover_enabled=&raquo;off&raquo; button_border_width__hover_enabled=&raquo;off&raquo; button_one_border_width__hover_enabled=&raquo;off&raquo; button_two_border_width__hover_enabled=&raquo;off&raquo; button_border_color__hover_enabled=&raquo;off&raquo; button_one_border_color__hover_enabled=&raquo;off&raquo; button_two_border_color__hover_enabled=&raquo;off&raquo; button_border_radius__hover_enabled=&raquo;off&raquo; button_one_border_radius__hover_enabled=&raquo;off&raquo; button_two_border_radius__hover_enabled=&raquo;off&raquo; button_letter_spacing__hover_enabled=&raquo;off&raquo; button_one_letter_spacing__hover_enabled=&raquo;off&raquo; button_two_letter_spacing__hover_enabled=&raquo;off&raquo; button_bg_color__hover_enabled=&raquo;off&raquo; button_one_bg_color__hover_enabled=&raquo;off&raquo; button_two_bg_color__hover_enabled=&raquo;off&raquo;][\/et_pb_contact_field][et_pb_contact_field field_id=&raquo;E-postadresse&raquo; field_title=&raquo;E-post&raquo; field_type=&raquo;email&raquo; _builder_version=&raquo;4.7.7&#8243; form_field_background_color=&raquo;#ffffff&raquo; form_field_text_color=&raquo;#a1a1a1&#8243; form_field_focus_background_color=&raquo;#ffffff&raquo; form_field_focus_text_color=&raquo;#ea6a1d&raquo; form_field_font=&raquo;Roboto|500|||||||&raquo; form_field_font_size=&raquo;14px&raquo; form_field_line_height=&raquo;1em&raquo; min_height=&raquo;30px&raquo; height=&raquo;30px&raquo; max_height=&raquo;30px&raquo; border_radii=&raquo;on|8px|8px|8px|8px&raquo; button_text_size__hover_enabled=&raquo;off&raquo; button_one_text_size__hover_enabled=&raquo;off&raquo; button_two_text_size__hover_enabled=&raquo;off&raquo; button_text_color__hover_enabled=&raquo;off&raquo; button_one_text_color__hover_enabled=&raquo;off&raquo; button_two_text_color__hover_enabled=&raquo;off&raquo; button_border_width__hover_enabled=&raquo;off&raquo; button_one_border_width__hover_enabled=&raquo;off&raquo; button_two_border_width__hover_enabled=&raquo;off&raquo; button_border_color__hover_enabled=&raquo;off&raquo; button_one_border_color__hover_enabled=&raquo;off&raquo; button_two_border_color__hover_enabled=&raquo;off&raquo; button_border_radius__hover_enabled=&raquo;off&raquo; button_one_border_radius__hover_enabled=&raquo;off&raquo; button_two_border_radius__hover_enabled=&raquo;off&raquo; button_letter_spacing__hover_enabled=&raquo;off&raquo; button_one_letter_spacing__hover_enabled=&raquo;off&raquo; button_two_letter_spacing__hover_enabled=&raquo;off&raquo; button_bg_color__hover_enabled=&raquo;off&raquo; button_one_bg_color__hover_enabled=&raquo;off&raquo; button_two_bg_color__hover_enabled=&raquo;off&raquo;][\/et_pb_contact_field][et_pb_contact_field field_id=&raquo;Telefonnumer&raquo; field_title=&raquo;Telefonnumer&raquo; fullwidth_field=&raquo;on&raquo; _builder_version=&raquo;4.7.7&#8243; form_field_background_color=&raquo;#ffffff&raquo; form_field_text_color=&raquo;#a1a1a1&#8243; form_field_focus_background_color=&raquo;#ffffff&raquo; form_field_focus_text_color=&raquo;#ea6a1d&raquo; form_field_font=&raquo;Roboto|500|||||||&raquo; form_field_font_size=&raquo;14px&raquo; form_field_line_height=&raquo;1em&raquo; min_height=&raquo;30px&raquo; height=&raquo;30px&raquo; max_height=&raquo;30px&raquo; border_radii=&raquo;on|8px|8px|8px|8px&raquo;][\/et_pb_contact_field][et_pb_contact_field field_id=&raquo;Melding&raquo; field_title=&raquo;Melding&raquo; field_type=&raquo;text&raquo; fullwidth_field=&raquo;on&raquo; _builder_version=&raquo;4.7.7&#8243; form_field_background_color=&raquo;#ffffff&raquo; form_field_text_color=&raquo;#a1a1a1&#8243; form_field_focus_background_color=&raquo;#ffffff&raquo; form_field_focus_text_color=&raquo;#ea6a1d&raquo; form_field_font=&raquo;Roboto|500|||||||&raquo; form_field_font_size=&raquo;14px&raquo; form_field_line_height=&raquo;1.1em&raquo; border_radii=&raquo;on|8px|8px|8px|8px&raquo; button_text_size__hover_enabled=&raquo;off&raquo; button_one_text_size__hover_enabled=&raquo;off&raquo; button_two_text_size__hover_enabled=&raquo;off&raquo; button_text_color__hover_enabled=&raquo;off&raquo; button_one_text_color__hover_enabled=&raquo;off&raquo; button_two_text_color__hover_enabled=&raquo;off&raquo; button_border_width__hover_enabled=&raquo;off&raquo; button_one_border_width__hover_enabled=&raquo;off&raquo; button_two_border_width__hover_enabled=&raquo;off&raquo; button_border_color__hover_enabled=&raquo;off&raquo; button_one_border_color__hover_enabled=&raquo;off&raquo; button_two_border_color__hover_enabled=&raquo;off&raquo; button_border_radius__hover_enabled=&raquo;off&raquo; button_one_border_radius__hover_enabled=&raquo;off&raquo; button_two_border_radius__hover_enabled=&raquo;off&raquo; button_letter_spacing__hover_enabled=&raquo;off&raquo; button_one_letter_spacing__hover_enabled=&raquo;off&raquo; button_two_letter_spacing__hover_enabled=&raquo;off&raquo; button_bg_color__hover_enabled=&raquo;off&raquo; button_one_bg_color__hover_enabled=&raquo;off&raquo; button_two_bg_color__hover_enabled=&raquo;off&raquo;][\/et_pb_contact_field][\/et_pb_contact_form][\/et_pb_column][et_pb_column type=&raquo;1_2&#8243; _builder_version=&raquo;4.7.7&#8243; background_color=&raquo;#c5c5c5&#8243; custom_padding=&raquo;10px|10%|50px|10%|false|false&raquo; custom_padding_tablet=&raquo;&raquo; custom_padding_phone=&raquo;&raquo; custom_padding_last_edited=&raquo;on|phone&raquo; custom_padding__hover=&raquo;|||&raquo;][et_pb_text admin_label=&raquo;Adresse&raquo; _builder_version=&raquo;4.7.7&#8243; text_font=&raquo;Roboto|300|||||||&raquo; text_font_size=&raquo;15px&raquo; text_line_height=&raquo;1.5em&raquo; header_font=&raquo;Oswald|||on|&raquo; header_text_color=&raquo;#DCA57D&raquo; header_font_size=&raquo;16px&raquo; header_letter_spacing=&raquo;2px&raquo; header_line_height=&raquo;1.7em&raquo; header_4_font=&raquo;Oswald|500||on|||||&raquo; header_4_text_color=&raquo;#ffffff&raquo; header_4_letter_spacing=&raquo;1px&raquo; header_4_line_height=&raquo;1.5em&raquo; background_layout=&raquo;dark&raquo; width_tablet=&raquo;&raquo; width_phone=&raquo;&raquo; width_last_edited=&raquo;on|tablet&raquo; custom_margin=&raquo;||20px||false|false&raquo; locked=&raquo;off&raquo;]<\/p>\n<h4><span style=\"color: #ffffff;\">AdressE<\/span><\/h4>\n<p><span style=\"color: #ffffff;\">Torget 14,\u00a01830 Askim, Norge<\/span>[\/et_pb_text][et_pb_text admin_label=&raquo;Telefon&raquo; _builder_version=&raquo;4.7.7&#8243; text_font=&raquo;Roboto|300|||||||&raquo; text_font_size=&raquo;15px&raquo; text_line_height=&raquo;1.5em&raquo; header_font=&raquo;Oswald|||on|&raquo; header_text_color=&raquo;#DCA57D&raquo; header_font_size=&raquo;16px&raquo; header_letter_spacing=&raquo;2px&raquo; header_line_height=&raquo;1.7em&raquo; header_4_font=&raquo;Oswald|500||on|||||&raquo; header_4_text_color=&raquo;#ffffff&raquo; header_4_letter_spacing=&raquo;1px&raquo; header_4_line_height=&raquo;1.5em&raquo; background_layout=&raquo;dark&raquo; custom_margin=&raquo;||20px||false|false&raquo; custom_margin_last_edited=&raquo;off|desktop&raquo; locked=&raquo;off&raquo;]<\/p>\n<h4><span style=\"color: #ffffff;\">TELEFON<\/span><\/h4>\n<p><span style=\"color: #ffffff;\">+47 69 89 57 70<\/span><\/p>\n<p>[\/et_pb_text][et_pb_text admin_label=&raquo;e-post&raquo; _builder_version=&raquo;4.7.7&#8243; text_font=&raquo;Roboto|300|||||||&raquo; text_font_size=&raquo;15px&raquo; text_line_height=&raquo;1.5em&raquo; header_font=&raquo;Oswald|||on|&raquo; header_text_color=&raquo;#DCA57D&raquo; header_font_size=&raquo;16px&raquo; header_letter_spacing=&raquo;2px&raquo; header_line_height=&raquo;1.7em&raquo; header_4_font=&raquo;Oswald|500||on|||||&raquo; header_4_text_color=&raquo;#ffffff&raquo; header_4_letter_spacing=&raquo;1px&raquo; header_4_line_height=&raquo;1.5em&raquo; background_layout=&raquo;dark&raquo; width_tablet=&raquo;&raquo; width_phone=&raquo;&raquo; width_last_edited=&raquo;on|desktop&raquo; custom_margin=&raquo;||0px||false|false&raquo; locked=&raquo;off&raquo;]<\/p>\n<h4><span style=\"color: #ffffff;\">E-POST<\/span><\/h4>\n<p><span><a href=\"mailto:post@variosport.no\"><span style=\"color: #ffffff;\">post@variosport.no<\/span><\/a><\/span><\/p>\n<p>[\/et_pb_text][\/et_pb_column][\/et_pb_row][et_pb_row _builder_version=&raquo;4.7.7&#8243; width=&raquo;100%&raquo; max_width=&raquo;100%&raquo; custom_margin=&raquo;0px|0px|0px|0px|false|false&raquo; custom_padding=&raquo;0px|0px|0px|0px|false|false&raquo; collapsed=&raquo;off&raquo;][et_pb_column type=&raquo;4_4&#8243; _builder_version=&raquo;4.7.7&#8243;][et_pb_text admin_label=&raquo;Tekst&raquo; _builder_version=&raquo;4.7.7&#8243; text_font=&raquo;Oswald|||on|||||&raquo; text_text_color=&raquo;#ffffff&raquo; text_font_size=&raquo;11px&raquo; header_text_color=&raquo;#000000&#8243; custom_margin=&raquo;0px|0px|0px|0px|false|false&raquo; custom_padding=&raquo;0px|0px|0px|0px|false|false&raquo;]<\/p>\n<p style=\"text-align: center;\">Nettsiden er designet av The Design<\/p>\n<p>[\/et_pb_text][\/et_pb_column][\/et_pb_row][\/et_pb_section]<\/p>\n","protected":false},"excerpt":{"rendered":"<p class=\"p1\">Termos i rustfritt st\u00e5l. Leveres i st\u00e5l, samt farget termos som er gummiert utvendig.<br \/>\n&#8211; 0,9 liter<\/p>\n<p><strong>Velg mellom:<\/strong><br \/>\n&#8211; Gr\u00f8nn (artikkelnr. 7043501)<br \/>\n&#8211; Oransj (artikkelnr. 70434502)<br \/>\n&#8211; St\u00e5l (artikkelnr. 70434500)<\/p>\n","protected":false},"featured_media":344,"comment_status":"open","ping_status":"closed","template":"","meta":{"_et_pb_use_builder":"on","_et_pb_old_content":"<p class=\"p1\">Rast termos er en robust, uknuselig termos i rustfritt st\u00e5l med lekkasjesikker kork. De fargede termosene er gummiert utvendig som sikrer ekstra godt grep og passer til b\u00e5de kalde og varme drikker. B\u00e5de kopp og termos er godt isolert og holder drikken i riktig temperatur lenge.\r\n- 0,9 liter\r\n- rustfritt st\u00e5l<\/p>\r\n<strong>Velg mellom:<\/strong>\r\n- Gr\u00f8nn (artikkelnr. 7043501)\r\n- Oransj (artikkelnr. 70434502)\r\n- St\u00e5l (artikkelnr. 70434500)\r\n<blockquote><strong>2. oktober 2019 fikk termosen delt f\u00f8rsteplass i TV2 hjelper degs termostes.\r\n<\/strong>\"Den billigste imponerer - terningkast 5\" <a href=\"https:\/\/www.tv2.no\/a\/10884962\/\">Les testen her &gt;<\/a>\r\n\r\n<strong>\r\n18. oktober 2018 fikk termosen 8\/10 poeng i Famileklubbens termostest.<\/strong>\r\n\"Den matte overflaten og smale fasongen gir godt grep. Friskt design\" <a href=\"https:\/\/familieklubben.no\/test\/test-av-barnetermoser\/579\">Les testen her &gt;<\/a><\/blockquote>","_et_gb_content_width":""},"_links":{"self":[{"href":"https:\/\/rastprodukter.no\/index.php?rest_route=\/wp\/v2\/product\/702"}],"collection":[{"href":"https:\/\/rastprodukter.no\/index.php?rest_route=\/wp\/v2\/product"}],"about":[{"href":"https:\/\/rastprodukter.no\/index.php?rest_route=\/wp\/v2\/types\/product"}],"replies":[{"embeddable":true,"href":"https:\/\/rastprodukter.no\/index.php?rest_route=%2Fwp%2Fv2%2Fcomments&post=702"}],"wp:featuredmedia":[{"embeddable":true,"href":"https:\/\/rastprodukter.no\/index.php?rest_route=\/wp\/v2\/media\/344"}],"wp:attachment":[{"href":"https:\/\/rastprodukter.no\/index.php?rest_route=%2Fwp%2Fv2%2Fmedia&parent=702"}],"curies":[{"name":"wp","href":"https:\/\/api.w.org\/{rel}","templated":true}]}}